{"id":9,"date":"2025-07-20T02:07:48","date_gmt":"2025-07-20T02:07:48","guid":{"rendered":"https:\/\/www.grupo-bridge.com\/N\/?page_id=9"},"modified":"2025-11-14T10:40:00","modified_gmt":"2025-11-14T10:40:00","slug":"inicio","status":"publish","type":"page","link":"https:\/\/www.grupo-bridge.com\/N\/","title":{"rendered":"Inicio"},"content":{"rendered":"<p>[et_pb_section fb_built=\u00bb1&#8243; fullwidth=\u00bbon\u00bb _builder_version=\u00bb4.27.4&#8243; _module_preset=\u00bbdefault\u00bb border_radii=\u00bboff|||3vw|3vw\u00bb global_colors_info=\u00bb{}\u00bb][et_pb_fullwidth_slider _builder_version=\u00bb4.27.4&#8243; _module_preset=\u00bbdefault\u00bb global_colors_info=\u00bb{}\u00bb][et_pb_slide heading=\u00bbGrupo Bridge\u00bb button_text=\u00bbCONT\u00c1CTENOS\u00bb button_link=\u00bbhttps:\/\/www.grupo-bridge.com\/N\/contactenos\/\u00bb url_new_window=\u00bbon\u00bb _builder_version=\u00bb4.27.4&#8243; _module_preset=\u00bbdefault\u00bb header_level=\u00bbh1&#8243; header_font_size=\u00bb83px\u00bb background_enable_color=\u00bboff\u00bb background_image=\u00bbhttps:\/\/www.grupo-bridge.com\/N\/wp-content\/uploads\/2025\/08\/pexels-googledeepmind-17485680-1-scaled.jpg\u00bb background_enable_image=\u00bbon\u00bb global_colors_info=\u00bb{}\u00bb sticky_transition=\u00bbon\u00bb]<\/p>\n<h4><span><strong>\u201cGestionamos y Viabilizamos Tus Proyectos\u201d<\/strong><\/span><\/h4>\n<p>[\/et_pb_slide][et_pb_slide heading=\u00bbGrupo Bridge\u00bb button_text=\u00bbCONT\u00c1CTENOS\u00bb button_link=\u00bbhttps:\/\/www.grupo-bridge.com\/N\/contactenos\/\u00bb url_new_window=\u00bbon\u00bb _builder_version=\u00bb4.27.4&#8243; _module_preset=\u00bbdefault\u00bb header_font_size=\u00bb83px\u00bb background_enable_color=\u00bboff\u00bb background_image=\u00bbhttps:\/\/www.grupo-bridge.com\/N\/wp-content\/uploads\/2025\/08\/olpferd-3807678_1280.jpg\u00bb background_enable_image=\u00bbon\u00bb global_colors_info=\u00bb{}\u00bb sticky_transition=\u00bbon\u00bb]<\/p>\n<h4><span><strong>\u201cGestionamos y Viabilizamos Tus Proyectos\u201d<\/strong><\/span><\/h4>\n<p>[\/et_pb_slide][et_pb_slide heading=\u00bbGrupo Bridge\u00bb button_text=\u00bbCONT\u00c1CTENOS\u00bb button_link=\u00bbhttps:\/\/www.grupo-bridge.com\/N\/contactenos\/\u00bb url_new_window=\u00bbon\u00bb _builder_version=\u00bb4.27.4&#8243; _module_preset=\u00bbdefault\u00bb header_font_size=\u00bb83px\u00bb background_enable_color=\u00bboff\u00bb background_image=\u00bbhttps:\/\/www.grupo-bridge.com\/N\/wp-content\/uploads\/2025\/08\/team-kiesel-GyN9z8bz6e4-unsplash.jpg\u00bb background_enable_image=\u00bbon\u00bb global_colors_info=\u00bb{}\u00bb sticky_transition=\u00bbon\u00bb]<\/p>\n<h4><span><strong>\u201cGestionamos y Viabilizamos Tus Proyectos\u201d<\/strong><\/span><\/h4>\n<p>[\/et_pb_slide][\/et_pb_fullwidth_slider][\/et_pb_section][et_pb_section fb_built=\u00bb1&#8243; admin_label=\u00bbServices\u00bb _builder_version=\u00bb4.22.0&#8243; _module_preset=\u00bbdefault\u00bb custom_padding=\u00bb||27px|||\u00bb locked=\u00bboff\u00bb collapsed=\u00bboff\u00bb global_colors_info=\u00bb{}\u00bb][et_pb_row column_structure=\u00bb1_3,1_3,1_3&#8243; _builder_version=\u00bb4.22.0&#8243; _module_preset=\u00bbdefault\u00bb max_width=\u00bb1800px\u00bb global_colors_info=\u00bb{}\u00bb][et_pb_column type=\u00bb1_3&#8243; _builder_version=\u00bb4.22.0&#8243; _module_preset=\u00bbdefault\u00bb global_colors_info=\u00bb{}\u00bb][et_pb_text _builder_version=\u00bb4.27.4&#8243; _module_preset=\u00bb7ed42bc9-b25b-403d-93e1-c52a7a64e2d3&#8243; header_2_font_size=\u00bb48px\u00bb custom_margin=\u00bb||10px||false|false\u00bb global_colors_info=\u00bb{}\u00bb]<\/p>\n<h2>Grupo Bridge<\/h2>\n<p>[\/et_pb_text][et_pb_text _builder_version=\u00bb4.27.4&#8243; _module_preset=\u00bb723e5ef5-1c98-4e6b-a4ae-db9d0557f481&#8243; custom_margin=\u00bb||0px||false|false\u00bb custom_padding=\u00bb||5px|||\u00bb global_colors_info=\u00bb{}\u00bb]<!-- D\u00f3lar Hoy TRM Colombia Start --><\/p>\n<style type=\"text\/css\">#dolar_wpc21 a {font-size:1.2rem; font-weight:500; text-decoration:none;} #widget_misc21 {font-size:1.1rem; color:#000; width:100%; padding:0.5rem;} #widget_misc21 td {padding-left:0.2rem; padding-right:0.2rem;} #widget_misc21 .cl {text-align:left;} #widget_misc21 .cr {text-align:right;}<\/style>\n<div id=\"dolar_wpc21\"><a href=\"https:\/\/dolar.wilkinsonpc.com.co\/\" target=\"_new\">D\u00f3lar Hoy Colombia<\/a><\/div>\n<p><script type=\"text\/javascript\" src=\"https:\/\/widgets.wilkinsonpc.com.co\/misc\/misc-indicadores21.js\"><\/script><!-- D\u00f3lar Hoy TRM Colombia End -->[\/et_pb_text][\/et_pb_column][et_pb_column type=\u00bb1_3&#8243; _builder_version=\u00bb4.22.0&#8243; _module_preset=\u00bbdefault\u00bb global_colors_info=\u00bb{}\u00bb][et_pb_text _builder_version=\u00bb4.27.4&#8243; _module_preset=\u00bb723e5ef5-1c98-4e6b-a4ae-db9d0557f481&#8243; min_height=\u00bb38px\u00bb custom_margin=\u00bb88px||0px||false|false\u00bb global_colors_info=\u00bb{}\u00bb]<\/p>\n<h5>Lineas de Negocios<\/h5>\n<p>[\/et_pb_text][et_pb_text _builder_version=\u00bb4.27.4&#8243; _module_preset=\u00bb9b1f249c-faae-4837-bec3-ec0af88d4b3b\u00bb custom_margin=\u00bb14px||40px|||\u00bb custom_padding=\u00bb3px|||||\u00bb global_colors_info=\u00bb{}\u00bb]<\/p>\n<p style=\"text-align: justify;\">En <strong>Grupo Bridge<\/strong> nos dedicamos a impulsar el desarrollo sostenible a trav\u00e9s de dos pilares estrat\u00e9gicos:<\/p>\n<p>[\/et_pb_text][et_pb_text _builder_version=\u00bb4.27.4&#8243; _module_preset=\u00bb723e5ef5-1c98-4e6b-a4ae-db9d0557f481&#8243; custom_margin=\u00bb||21px||false|false\u00bb custom_padding=\u00bb||0px|||\u00bb global_colors_info=\u00bb{}\u00bb]<\/p>\n<h5><strong>Construcci\u00f3n de alta ingenier\u00eda<\/strong>:<\/h5>\n<p>[\/et_pb_text][et_pb_text _builder_version=\u00bb4.27.4&#8243; _module_preset=\u00bb9b1f249c-faae-4837-bec3-ec0af88d4b3b\u00bb custom_margin=\u00bb-4px||32px|||\u00bb global_colors_info=\u00bb{}\u00bb]<\/p>\n<p style=\"text-align: justify;\">Dise\u00f1amos y ejecutamos proyectos en estructura met\u00e1lica, civiles, industriales, el\u00e9ctricos, hidr\u00e1ulicos y de energ\u00edas limpias con innovaci\u00f3n, seguridad y calidad.<\/p>\n<p>[\/et_pb_text][et_pb_text _builder_version=\u00bb4.27.4&#8243; _module_preset=\u00bb723e5ef5-1c98-4e6b-a4ae-db9d0557f481&#8243; custom_margin=\u00bb||11px||false|false\u00bb global_colors_info=\u00bb{}\u00bb]<\/p>\n<h5><strong>Comercializaci\u00f3n de commodities:<\/strong><\/h5>\n<p>[\/et_pb_text][et_pb_text _builder_version=\u00bb4.27.4&#8243; _module_preset=\u00bb9b1f249c-faae-4837-bec3-ec0af88d4b3b\u00bb custom_padding=\u00bb3px|||||\u00bb global_colors_info=\u00bb{}\u00bb]<\/p>\n<p style=\"text-align: justify;\">Conectamos mercados nacionales e internacionales con productos esenciales como carb\u00f3n, oro, petr\u00f3leo, caf\u00e9 y az\u00facar, garantizando trazabilidad y competitividad.<\/p>\n<p>[\/et_pb_text][\/et_pb_column][et_pb_column type=\u00bb1_3&#8243; _builder_version=\u00bb4.22.0&#8243; _module_preset=\u00bbdefault\u00bb global_colors_info=\u00bb{}\u00bb][et_pb_image src=\u00bbhttps:\/\/www.grupo-bridge.com\/N\/wp-content\/uploads\/2025\/07\/pngwing.com-5.png\u00bb title_text=\u00bbing6&#8243; _builder_version=\u00bb4.27.4&#8243; _module_preset=\u00bbdefault\u00bb custom_margin=\u00bb53px|||||\u00bb border_radii=\u00bbon|30px|30px|30px|30px\u00bb global_colors_info=\u00bb{}\u00bb][\/et_pb_image][\/et_pb_column][\/et_pb_row][\/et_pb_section][et_pb_section fb_built=\u00bb1&#8243; specialty=\u00bbon\u00bb admin_label=\u00bbFooter\u00bb _builder_version=\u00bb4.24.0&#8243; _module_preset=\u00bbdefault\u00bb background_color=\u00bbgcid-a93f2103-1d8b-43bb-b21d-81d84bba8b15&#8243; inner_max_width=\u00bb1800px\u00bb overflow-x=\u00bbhidden\u00bb overflow-y=\u00bbhidden\u00bb custom_padding=\u00bb||0px|||\u00bb saved_tabs=\u00bball\u00bb global_colors_info=\u00bb{%22gcid-a93f2103-1d8b-43bb-b21d-81d84bba8b15%22:%91%22background_color%22%93}\u00bb][et_pb_column type=\u00bb3_4&#8243; specialty_columns=\u00bb3&#8243; _builder_version=\u00bb4.16&#8243; _module_preset=\u00bbdefault\u00bb custom_padding=\u00bb|||\u00bb global_colors_info=\u00bb{}\u00bb custom_padding__hover=\u00bb|||\u00bb][et_pb_row_inner _builder_version=\u00bb4.24.0&#8243; _module_preset=\u00bbdefault\u00bb custom_padding=\u00bb||20px||false|false\u00bb locked=\u00bboff\u00bb global_colors_info=\u00bb{}\u00bb][et_pb_column_inner saved_specialty_column_type=\u00bb3_4&#8243; _builder_version=\u00bb4.22.0&#8243; _module_preset=\u00bbdefault\u00bb global_colors_info=\u00bb{}\u00bb][et_pb_text _builder_version=\u00bb4.27.4&#8243; _module_preset=\u00bb7ed42bc9-b25b-403d-93e1-c52a7a64e2d3&#8243; global_colors_info=\u00bb{}\u00bb]<\/p>\n<h2>Grupo Bridge<\/h2>\n<p>[\/et_pb_text][\/et_pb_column_inner][\/et_pb_row_inner][et_pb_row_inner column_structure=\u00bb1_2,1_2&#8243; _builder_version=\u00bb4.22.0&#8243; _module_preset=\u00bbdefault\u00bb custom_padding=\u00bb0px|||||\u00bb locked=\u00bboff\u00bb global_colors_info=\u00bb{}\u00bb][et_pb_column_inner type=\u00bb1_2&#8243; saved_specialty_column_type=\u00bb3_4&#8243; _builder_version=\u00bb4.22.0&#8243; _module_preset=\u00bbdefault\u00bb global_colors_info=\u00bb{}\u00bb][et_pb_blurb title=\u00bbDirecci\u00f3n\u00bb image_icon_background_color=\u00bbgcid-a93f2103-1d8b-43bb-b21d-81d84bba8b15&#8243; _builder_version=\u00bb4.27.4&#8243; _module_preset=\u00bbc3fc6e11-a464-4692-bf79-86b41b3d100e\u00bb custom_margin=\u00bb||30px||false|false\u00bb locked=\u00bboff\u00bb global_colors_info=\u00bb{%22gcid-779a3d53-700b-4950-9fae-611323b51b16%22:%91%22body_link_text_color%22%93,%22gcid-a93f2103-1d8b-43bb-b21d-81d84bba8b15%22:%91%22image_icon_background_color%22%93}\u00bb]<\/p>\n<p>Calle 34b#65d-02 Medell\u00edn Antioquia<\/p>\n<p>[\/et_pb_blurb][et_pb_blurb title=\u00bbCelular #\u00bb image_icon_background_color=\u00bbgcid-a93f2103-1d8b-43bb-b21d-81d84bba8b15&#8243; _builder_version=\u00bb4.27.4&#8243; _module_preset=\u00bbc3fc6e11-a464-4692-bf79-86b41b3d100e\u00bb custom_margin=\u00bb||30px||false|false\u00bb locked=\u00bboff\u00bb global_colors_info=\u00bb{%22gcid-779a3d53-700b-4950-9fae-611323b51b16%22:%91%22body_link_text_color%22,%22body_link_text_color%22,%22body_link_text_color%22%93,%22gcid-a93f2103-1d8b-43bb-b21d-81d84bba8b15%22:%91%22image_icon_background_color%22,%22image_icon_background_color%22,%22image_icon_background_color%22%93}\u00bb]<\/p>\n<p>57 3054470598<\/p>\n<p>[\/et_pb_blurb][et_pb_blurb title=\u00bbEmail\u00bb image_icon_background_color=\u00bbgcid-a93f2103-1d8b-43bb-b21d-81d84bba8b15&#8243; _builder_version=\u00bb4.27.4&#8243; _module_preset=\u00bbc3fc6e11-a464-4692-bf79-86b41b3d100e\u00bb custom_margin=\u00bb||30px||false|false\u00bb locked=\u00bboff\u00bb global_colors_info=\u00bb{%22gcid-779a3d53-700b-4950-9fae-611323b51b16%22:%91%22body_link_text_color%22,%22body_link_text_color%22,%22body_link_text_color%22%93,%22gcid-a93f2103-1d8b-43bb-b21d-81d84bba8b15%22:%91%22image_icon_background_color%22,%22image_icon_background_color%22,%22image_icon_background_color%22%93}\u00bb]<\/p>\n<p>Derecciongeneral@grupo-bridge.com<\/p>\n<p>[\/et_pb_blurb][\/et_pb_column_inner][et_pb_column_inner type=\u00bb1_2&#8243; saved_specialty_column_type=\u00bb3_4&#8243; _builder_version=\u00bb4.22.0&#8243; _module_preset=\u00bbdefault\u00bb global_colors_info=\u00bb{}\u00bb][et_pb_contact_form email=\u00bbDereciongeneral@grupo-bridge.com\u00bb _builder_version=\u00bb4.27.4&#8243; _module_preset=\u00bbdefault\u00bb _unique_id=\u00bb0e07bce2-d08c-4649-9f08-1f8f20991e55&#8243; form_field_background_color=\u00bb#FFFFFF\u00bb global_colors_info=\u00bb{}\u00bb][et_pb_contact_field field_id=\u00bbName\u00bb field_title=\u00bbNombre\u00bb _builder_version=\u00bb4.16&#8243; global_colors_info=\u00bb{}\u00bb button_text_size__hover_enabled=\u00bboff\u00bb button_one_text_size__hover_enabled=\u00bboff\u00bb button_two_text_size__hover_enabled=\u00bboff\u00bb button_text_color__hover_enabled=\u00bboff\u00bb button_one_text_color__hover_enabled=\u00bboff\u00bb button_two_text_color__hover_enabled=\u00bboff\u00bb button_border_width__hover_enabled=\u00bboff\u00bb button_one_border_width__hover_enabled=\u00bboff\u00bb button_two_border_width__hover_enabled=\u00bboff\u00bb button_border_color__hover_enabled=\u00bboff\u00bb button_one_border_color__hover_enabled=\u00bboff\u00bb button_two_border_color__hover_enabled=\u00bboff\u00bb button_border_radius__hover_enabled=\u00bboff\u00bb button_one_border_radius__hover_enabled=\u00bboff\u00bb button_two_border_radius__hover_enabled=\u00bboff\u00bb button_letter_spacing__hover_enabled=\u00bboff\u00bb button_one_letter_spacing__hover_enabled=\u00bboff\u00bb button_two_letter_spacing__hover_enabled=\u00bboff\u00bb button_bg_color__hover_enabled=\u00bboff\u00bb button_one_bg_color__hover_enabled=\u00bboff\u00bb button_two_bg_color__hover_enabled=\u00bboff\u00bb][\/et_pb_contact_field][et_pb_contact_field field_id=\u00bbEmail\u00bb field_title=\u00bbEmail\u00bb field_type=\u00bbemail\u00bb _builder_version=\u00bb4.27.4&#8243; global_colors_info=\u00bb{}\u00bb button_text_size__hover_enabled=\u00bboff\u00bb button_one_text_size__hover_enabled=\u00bboff\u00bb button_two_text_size__hover_enabled=\u00bboff\u00bb button_text_color__hover_enabled=\u00bboff\u00bb button_one_text_color__hover_enabled=\u00bboff\u00bb button_two_text_color__hover_enabled=\u00bboff\u00bb button_border_width__hover_enabled=\u00bboff\u00bb button_one_border_width__hover_enabled=\u00bboff\u00bb button_two_border_width__hover_enabled=\u00bboff\u00bb button_border_color__hover_enabled=\u00bboff\u00bb button_one_border_color__hover_enabled=\u00bboff\u00bb button_two_border_color__hover_enabled=\u00bboff\u00bb button_border_radius__hover_enabled=\u00bboff\u00bb button_one_border_radius__hover_enabled=\u00bboff\u00bb button_two_border_radius__hover_enabled=\u00bboff\u00bb button_letter_spacing__hover_enabled=\u00bboff\u00bb button_one_letter_spacing__hover_enabled=\u00bboff\u00bb button_two_letter_spacing__hover_enabled=\u00bboff\u00bb button_bg_color__hover_enabled=\u00bboff\u00bb button_one_bg_color__hover_enabled=\u00bboff\u00bb button_two_bg_color__hover_enabled=\u00bboff\u00bb][\/et_pb_contact_field][et_pb_contact_field field_id=\u00bbMessage\u00bb field_title=\u00bbMensaje\u00bb field_type=\u00bbtext\u00bb fullwidth_field=\u00bbon\u00bb _builder_version=\u00bb4.16&#8243; global_colors_info=\u00bb{}\u00bb button_text_size__hover_enabled=\u00bboff\u00bb button_one_text_size__hover_enabled=\u00bboff\u00bb button_two_text_size__hover_enabled=\u00bboff\u00bb button_text_color__hover_enabled=\u00bboff\u00bb button_one_text_color__hover_enabled=\u00bboff\u00bb button_two_text_color__hover_enabled=\u00bboff\u00bb button_border_width__hover_enabled=\u00bboff\u00bb button_one_border_width__hover_enabled=\u00bboff\u00bb button_two_border_width__hover_enabled=\u00bboff\u00bb button_border_color__hover_enabled=\u00bboff\u00bb button_one_border_color__hover_enabled=\u00bboff\u00bb button_two_border_color__hover_enabled=\u00bboff\u00bb button_border_radius__hover_enabled=\u00bboff\u00bb button_one_border_radius__hover_enabled=\u00bboff\u00bb button_two_border_radius__hover_enabled=\u00bboff\u00bb button_letter_spacing__hover_enabled=\u00bboff\u00bb button_one_letter_spacing__hover_enabled=\u00bboff\u00bb button_two_letter_spacing__hover_enabled=\u00bboff\u00bb button_bg_color__hover_enabled=\u00bboff\u00bb button_one_bg_color__hover_enabled=\u00bboff\u00bb button_two_bg_color__hover_enabled=\u00bboff\u00bb][\/et_pb_contact_field][\/et_pb_contact_form][\/et_pb_column_inner][\/et_pb_row_inner][\/et_pb_column][et_pb_column type=\u00bb1_4&#8243; _builder_version=\u00bb4.16&#8243; _module_preset=\u00bbdefault\u00bb custom_padding=\u00bb|||\u00bb global_colors_info=\u00bb{}\u00bb custom_padding__hover=\u00bb|||\u00bb][et_pb_text _builder_version=\u00bb4.27.4&#8243; _module_preset=\u00bbdefault\u00bb global_colors_info=\u00bb{}\u00bb][\/et_pb_text][et_pb_image src=\u00bbhttps:\/\/www.grupo-bridge.com\/N\/wp-content\/uploads\/2025\/07\/pngwing.com-3.png\u00bb title_text=\u00bbpngwing.com (3)\u00bb _builder_version=\u00bb4.27.4&#8243; _module_preset=\u00bbdefault\u00bb module_alignment=\u00bbright\u00bb max_height=\u00bb1000px\u00bb custom_margin=\u00bb|-33px||-15px||\u00bb custom_padding=\u00bb|0px||0px||\u00bb animation_style=\u00bbslide\u00bb border_radii=\u00bbon|30px|30px|30px|30px\u00bb locked=\u00bboff\u00bb global_colors_info=\u00bb{}\u00bb][\/et_pb_image][\/et_pb_column][\/et_pb_section][et_pb_section fb_built=\u00bb1&#8243; admin_label=\u00bbFeature\u00bb _builder_version=\u00bb4.22.0&#8243; _module_preset=\u00bbdefault\u00bb custom_padding=\u00bb32px||10px|||\u00bb collapsed=\u00bboff\u00bb global_colors_info=\u00bb{}\u00bb][et_pb_row column_structure=\u00bb1_4,1_4,1_4,1_4&#8243; make_equal=\u00bbon\u00bb _builder_version=\u00bb4.27.4&#8243; _module_preset=\u00bbdefault\u00bb max_width=\u00bb1800px\u00bb custom_padding=\u00bb||0px|||\u00bb hover_enabled=\u00bb0&#8243; global_colors_info=\u00bb{}\u00bb sticky_enabled=\u00bb0&#8243;][et_pb_column type=\u00bb1_4&#8243; _builder_version=\u00bb4.27.4&#8243; _module_preset=\u00bbdefault\u00bb background_color=\u00bbgcid-a93f2103-1d8b-43bb-b21d-81d84bba8b15&#8243; custom_padding=\u00bb60px|60px|60px|60px|true|true\u00bb custom_padding_tablet=\u00bb30px|30px|30px|30px|true|true\u00bb custom_padding_phone=\u00bb20px|20px|20px|20px|true|true\u00bb custom_padding_last_edited=\u00bbon|tablet\u00bb border_radii=\u00bbon|3vw|3vw|3vw|3vw\u00bb global_colors_info=\u00bb{%22gcid-a93f2103-1d8b-43bb-b21d-81d84bba8b15%22:%91%22background_color%22%93}\u00bb][et_pb_text _builder_version=\u00bb4.27.4&#8243; _module_preset=\u00bbdefault\u00bb text_line_height=\u00bb1.6em\u00bb text_orientation=\u00bbjustified\u00bb custom_margin=\u00bb|-50px|3px|-40px||\u00bb custom_padding=\u00bb|20px|0px|13px||\u00bb global_colors_info=\u00bb{}\u00bb]<\/p>\n<h3 style=\"text-align: center;\"><strong>Grupo Bridge<\/strong><\/h3>\n<p style=\"text-align: justify;\"><strong>Integridad<\/strong>: Actuamos con honestidad y transparencia en todas nuestras relaciones.<\/p>\n<p style=\"text-align: justify;\"><strong>Innovaci\u00f3n<\/strong>: Aplicamos tecnolog\u00eda y creatividad para resolver desaf\u00edos complejos.<\/p>\n<p style=\"text-align: justify;\"><strong>Responsabilidad social<\/strong>: Contribuimos al desarrollo de las comunidades donde operamos.<\/p>\n<p style=\"text-align: justify;\"><strong>Trabajo en equipo<\/strong>: Fomentamos colaboraci\u00f3n entre \u00e1reas para lograr metas compartidas.<\/p>\n<p>&nbsp;<\/p>\n<p>[\/et_pb_text][\/et_pb_column][et_pb_column type=\u00bb1_4&#8243; _builder_version=\u00bb4.27.4&#8243; _module_preset=\u00bbdefault\u00bb background_color=\u00bbgcid-a93f2103-1d8b-43bb-b21d-81d84bba8b15&#8243; custom_padding=\u00bb60px|60px|60px|60px|true|true\u00bb custom_padding_tablet=\u00bb30px|30px|30px|30px|true|true\u00bb custom_padding_phone=\u00bb20px|20px|20px|20px|true|true\u00bb custom_padding_last_edited=\u00bbon|tablet\u00bb hover_enabled=\u00bb0&#8243; border_radii=\u00bbon|3vw|3vw|3vw|3vw\u00bb global_colors_info=\u00bb{%22gcid-a93f2103-1d8b-43bb-b21d-81d84bba8b15%22:%91%22background_color%22%93}\u00bb background_enable_video_mp4=\u00bboff\u00bb sticky_enabled=\u00bb0&#8243;][et_pb_button button_text=\u00bbCommodities\u00bb _builder_version=\u00bb4.27.4&#8243; _module_preset=\u00bbdefault\u00bb custom_button=\u00bbon\u00bb button_text_size=\u00bb14px\u00bb button_text_color=\u00bb#000000&#8243; button_use_icon=\u00bboff\u00bb hover_enabled=\u00bb0&#8243; global_colors_info=\u00bb{}\u00bb sticky_enabled=\u00bb0&#8243; button_border_radius=\u00bb9px\u00bb button_letter_spacing=\u00bb1px\u00bb button_border_width=\u00bb3px\u00bb][\/et_pb_button][et_pb_text _builder_version=\u00bb4.27.4&#8243; _module_preset=\u00bbdefault\u00bb text_font_size=\u00bb16px\u00bb custom_margin=\u00bb|-50px||-40px||\u00bb custom_padding=\u00bb|23px|54px|14px||\u00bb hover_enabled=\u00bb0&#8243; global_colors_info=\u00bb{}\u00bb sticky_enabled=\u00bb0&#8243;]<\/p>\n<p style=\"text-align: justify;\">En Grupo Bridge S.A.S. ofrecemos l\u00edneas de exportaci\u00f3n confiables y de alta calidad:<\/p>\n<p style=\"text-align: justify;\">Caf\u00e9, arroz, bananos, urea, carb\u00f3n, metales, langosta y productos de mar.<br \/>Operaciones serias, log\u00edstica segura y entrega garantizada.<\/p>\n<p>[\/et_pb_text][\/et_pb_column][et_pb_column type=\u00bb1_4&#8243; _builder_version=\u00bb4.27.4&#8243; _module_preset=\u00bbdefault\u00bb background_color=\u00bbgcid-a93f2103-1d8b-43bb-b21d-81d84bba8b15&#8243; background_video_mp4=\u00bbhttps:\/\/www.grupo-bridge.com\/N\/wp-content\/uploads\/2025\/07\/84619-585553961_small.mp4&#8243; custom_padding=\u00bb60px|60px|60px|60px|true|true\u00bb custom_padding_tablet=\u00bb30px|30px|30px|30px|true|true\u00bb custom_padding_phone=\u00bb20px|20px|20px|20px|true|true\u00bb custom_padding_last_edited=\u00bbon|tablet\u00bb border_radii=\u00bbon|3vw|3vw|3vw|3vw\u00bb global_colors_info=\u00bb{%22gcid-a93f2103-1d8b-43bb-b21d-81d84bba8b15%22:%91%22background_color%22%93}\u00bb][et_pb_button button_text=\u00bbEnerg\u00edas Limpias\u00bb _builder_version=\u00bb4.27.4&#8243; _module_preset=\u00bbdefault\u00bb custom_button=\u00bbon\u00bb button_text_size=\u00bb13px\u00bb button_text_color=\u00bb#FFFFFF\u00bb button_use_icon=\u00bboff\u00bb hover_enabled=\u00bb0&#8243; global_colors_info=\u00bb{}\u00bb sticky_enabled=\u00bb0&#8243; button_border_radius=\u00bb9px\u00bb][\/et_pb_button][et_pb_text _builder_version=\u00bb4.27.4&#8243; _module_preset=\u00bbdefault\u00bb text_font_size=\u00bb16px\u00bb custom_margin=\u00bb|-50px||-40px||\u00bb custom_padding=\u00bb|23px|54px|14px||\u00bb global_colors_info=\u00bb{}\u00bb]<\/p>\n<p style=\"text-align: justify;\"><span style=\"color: #ffffff;\">Implementar energ\u00edas limpias es crucial para reducir la contaminaci\u00f3n y mitigar el cambio clim\u00e1tico. Al hacerlo, protegemos nuestros ecosistemas y aseguramos un futuro sostenible para el planeta y las pr\u00f3ximas generaciones.<\/span><\/p>\n<p><span style=\"color: #ffffff;\">\u00a0<\/span><\/p>\n<p>[\/et_pb_text][\/et_pb_column][et_pb_column type=\u00bb1_4&#8243; _builder_version=\u00bb4.27.4&#8243; _module_preset=\u00bbdefault\u00bb background_color=\u00bbgcid-a93f2103-1d8b-43bb-b21d-81d84bba8b15&#8243; background_video_mp4=\u00bbhttps:\/\/www.grupo-bridge.com\/N\/wp-content\/uploads\/2025\/07\/40030-424911975_small.mp4&#8243; custom_padding=\u00bb60px|60px|60px|60px|true|true\u00bb custom_padding_tablet=\u00bb30px|30px|30px|30px|true|true\u00bb custom_padding_phone=\u00bb20px|20px|20px|20px|true|true\u00bb custom_padding_last_edited=\u00bbon|tablet\u00bb border_radii=\u00bbon|3vw|3vw|3vw|3vw\u00bb global_colors_info=\u00bb{%22gcid-a93f2103-1d8b-43bb-b21d-81d84bba8b15%22:%91%22background_color%22%93}\u00bb][et_pb_button button_text=\u00bbMineria\u00bb button_alignment=\u00bbcenter\u00bb _builder_version=\u00bb4.27.4&#8243; _module_preset=\u00bbdefault\u00bb custom_button=\u00bbon\u00bb button_text_size=\u00bb14px\u00bb button_text_color=\u00bb#FFFFFF\u00bb button_use_icon=\u00bboff\u00bb hover_enabled=\u00bb0&#8243; global_colors_info=\u00bb{}\u00bb button_border_radius=\u00bb9px\u00bb sticky_enabled=\u00bb0&#8243;][\/et_pb_button][et_pb_text _builder_version=\u00bb4.27.4&#8243; _module_preset=\u00bbdefault\u00bb text_font_size=\u00bb16px\u00bb custom_margin=\u00bb|-50px||-40px||\u00bb custom_padding=\u00bb|24px|70px|13px||\u00bb global_colors_info=\u00bb{}\u00bb]<\/p>\n<p style=\"text-align: justify;\"><span style=\"color: #ffffff;\">Comercializamos carb\u00f3n t\u00e9rmico y metal\u00fargico de origen legal y calidad certificada, con soluciones log\u00edsticas eficientes para mercados nacionales e internacionales.<\/span><\/p>\n<p>&nbsp;<\/p>\n<p>[\/et_pb_text][\/et_pb_column][\/et_pb_row][\/et_pb_section][et_pb_section fb_built=\u00bb1&#8243; admin_label=\u00bbFooter Copyright\u00bb _builder_version=\u00bb4.24.0&#8243; _module_preset=\u00bbdefault\u00bb background_color=\u00bbgcid-a93f2103-1d8b-43bb-b21d-81d84bba8b15&#8243; custom_padding=\u00bb0px||0px||true|false\u00bb saved_tabs=\u00bball\u00bb collapsed=\u00bbon\u00bb global_colors_info=\u00bb{%22gcid-a93f2103-1d8b-43bb-b21d-81d84bba8b15%22:%91%22background_color%22%93}\u00bb][et_pb_row _builder_version=\u00bb4.22.0&#8243; _module_preset=\u00bbdefault\u00bb global_colors_info=\u00bb{}\u00bb][et_pb_column type=\u00bb4_4&#8243; _builder_version=\u00bb4.22.0&#8243; _module_preset=\u00bbdefault\u00bb global_colors_info=\u00bb{}\u00bb][et_pb_text _builder_version=\u00bb4.27.4&#8243; _dynamic_attributes=\u00bbcontent\u00bb _module_preset=\u00bb88499beb-483d-4dc3-ad70-aab9ae9a1f81&#8243; text_orientation=\u00bbcenter\u00bb global_colors_info=\u00bb{}\u00bb]@ET-DC@eyJkeW5hbWljIjp0cnVlLCJjb250ZW50IjoiY3VycmVudF9kYXRlIiwic2V0dGluZ3MiOnsiYmVmb3JlIjoiQ29weXJpZ2h0ICZjb3B5OyAiLCJhZnRlciI6IkdydXBvIEJyaWRnZSIsImRhdGVfZm9ybWF0IjoiY3VzdG9tIiwiY3VzdG9tX2RhdGVfZm9ybWF0IjoiWSJ9fQ==@[\/et_pb_text][\/et_pb_column][\/et_pb_row][\/et_pb_section]<\/p>\n","protected":false},"excerpt":{"rendered":"<p>\u201cGestionamos y Viabilizamos Tus Proyectos\u201d\u201cGestionamos y Viabilizamos Tus Proyectos\u201d\u201cGestionamos y Viabilizamos Tus Proyectos\u201dGrupo BridgeD\u00f3lar Hoy ColombiaLineas de NegociosEn Grupo Bridge nos dedicamos a impulsar el desarrollo sostenible a trav\u00e9s de dos pilares estrat\u00e9gicos:Construcci\u00f3n de alta ingenier\u00eda:Dise\u00f1amos y ejecutamos proyectos en estructura met\u00e1lica, civiles, industriales, el\u00e9ctricos, hidr\u00e1ulicos y de energ\u00edas limpias con innovaci\u00f3n, seguridad y calidad.Comercializaci\u00f3n [&hellip;]<\/p>\n","protected":false},"author":1,"featured_media":0,"parent":0,"menu_order":0,"comment_status":"closed","ping_status":"closed","template":"","meta":{"_et_pb_use_builder":"on","_et_pb_old_content":"","_et_gb_content_width":"","footnotes":""},"class_list":["post-9","page","type-page","status-publish","hentry"],"_links":{"self":[{"href":"https:\/\/www.grupo-bridge.com\/N\/wp-json\/wp\/v2\/pages\/9","targetHints":{"allow":["GET"]}}],"collection":[{"href":"https:\/\/www.grupo-bridge.com\/N\/wp-json\/wp\/v2\/pages"}],"about":[{"href":"https:\/\/www.grupo-bridge.com\/N\/wp-json\/wp\/v2\/types\/page"}],"author":[{"embeddable":true,"href":"https:\/\/www.grupo-bridge.com\/N\/wp-json\/wp\/v2\/users\/1"}],"replies":[{"embeddable":true,"href":"https:\/\/www.grupo-bridge.com\/N\/wp-json\/wp\/v2\/comments?post=9"}],"version-history":[{"count":100,"href":"https:\/\/www.grupo-bridge.com\/N\/wp-json\/wp\/v2\/pages\/9\/revisions"}],"predecessor-version":[{"id":314,"href":"https:\/\/www.grupo-bridge.com\/N\/wp-json\/wp\/v2\/pages\/9\/revisions\/314"}],"wp:attachment":[{"href":"https:\/\/www.grupo-bridge.com\/N\/wp-json\/wp\/v2\/media?parent=9"}],"curies":[{"name":"wp","href":"https:\/\/api.w.org\/{rel}","templated":true}]}}